{"id":5571,"date":"2022-12-28T08:57:32","date_gmt":"2022-12-28T08:57:32","guid":{"rendered":"https:\/\/www.colinaverderesort.pt\/polideportivo\/tenis\/"},"modified":"2024-11-20T13:54:08","modified_gmt":"2024-11-20T13:54:08","slug":"tenis","status":"publish","type":"page","link":"https:\/\/www.colinaverderesort.pt\/es\/polideportivo\/tenis\/","title":{"rendered":"Tenis"},"content":{"rendered":"\t\t<div data-elementor-type=\"wp-page\" data-elementor-id=\"5571\" class=\"elementor elementor-5571 elementor-2564\" data-elementor-post-type=\"page\">\n\t\t\t\t\t\t<section class=\"elementor-section elementor-top-section elementor-element elementor-element-6ce9e2df elementor-section-full_width elementor-section-height-min-height elementor-section-height-default elementor-section-items-middle\" data-id=\"6ce9e2df\" data-element_type=\"section\" data-e-type=\"section\" data-settings=\"{&quot;background_background&quot;:&quot;classic&quot;}\">\n\t\t\t\t\t\t\t<div class=\"elementor-background-overlay\"><\/div>\n\t\t\t\t\t\t\t<div class=\"elementor-container elementor-column-gap-default\">\n\t\t\t\t\t<div class=\"elementor-column elementor-col-100 elementor-top-column elementor-element elementor-element-38461dd4\" data-id=\"38461dd4\" data-element_type=\"column\" data-e-type=\"column\">\n\t\t\t<div class=\"elementor-widget-wrap elementor-element-populated\">\n\t\t\t\t\t\t<div class=\"elementor-element elementor-element-628bc073 elementor-widget elementor-widget-heading\" data-id=\"628bc073\" data-element_type=\"widget\" data-e-type=\"widget\" data-widget_type=\"heading.default\">\n\t\t\t\t<div class=\"elementor-widget-container\">\n\t\t\t\t\t<h1 class=\"elementor-heading-title elementor-size-default\">Tenis<\/h1>\t\t\t\t<\/div>\n\t\t\t\t<\/div>\n\t\t\t\t\t<\/div>\n\t\t<\/div>\n\t\t\t\t\t<\/div>\n\t\t<\/section>\n\t\t\t\t<section class=\"elementor-section elementor-top-section elementor-element elementor-element-6807d270 elementor-section-boxed elementor-section-height-default elementor-section-height-default\" data-id=\"6807d270\" data-element_type=\"section\" data-e-type=\"section\" data-settings=\"{&quot;background_background&quot;:&quot;classic&quot;}\">\n\t\t\t\t\t\t<div class=\"elementor-container elementor-column-gap-default\">\n\t\t\t\t\t<div class=\"elementor-column elementor-col-100 elementor-top-column elementor-element elementor-element-5c9754c4\" data-id=\"5c9754c4\" data-element_type=\"column\" data-e-type=\"column\">\n\t\t\t<div class=\"elementor-widget-wrap elementor-element-populated\">\n\t\t\t\t\t\t<section class=\"elementor-section elementor-inner-section elementor-element elementor-element-5b85657d elementor-section-boxed elementor-section-height-default elementor-section-height-default\" data-id=\"5b85657d\" data-element_type=\"section\" data-e-type=\"section\">\n\t\t\t\t\t\t<div class=\"elementor-container elementor-column-gap-default\">\n\t\t\t\t\t<div class=\"elementor-column elementor-col-50 elementor-inner-column elementor-element elementor-element-22d5b419 elementor-invisible\" data-id=\"22d5b419\" data-element_type=\"column\" data-e-type=\"column\" data-settings=\"{&quot;animation&quot;:&quot;fadeInLeft&quot;}\">\n\t\t\t<div class=\"elementor-widget-wrap elementor-element-populated\">\n\t\t\t\t\t\t<div class=\"elementor-element elementor-element-3ef577c9 elementor-invisible elementor-widget elementor-widget-image\" data-id=\"3ef577c9\" data-element_type=\"widget\" data-e-type=\"widget\" data-settings=\"{&quot;_animation&quot;:&quot;fadeInUp&quot;}\" data-widget_type=\"image.default\">\n\t\t\t\t<div class=\"elementor-widget-container\">\n\t\t\t\t\t\t\t\t\t\t\t\t\t\t\t<img fetchpriority=\"high\" decoding=\"async\" width=\"1200\" height=\"1006\" src=\"https:\/\/www.colinaverderesort.pt\/wp-content\/uploads\/2022\/12\/WhatsApp-Image-2022-11-25-at-13.17.07-3-min.jpg\" class=\"attachment-full size-full wp-image-2613\" alt=\"\" srcset=\"https:\/\/www.colinaverderesort.pt\/wp-content\/uploads\/2022\/12\/WhatsApp-Image-2022-11-25-at-13.17.07-3-min.jpg 1200w, https:\/\/www.colinaverderesort.pt\/wp-content\/uploads\/2022\/12\/WhatsApp-Image-2022-11-25-at-13.17.07-3-min-300x252.jpg 300w, https:\/\/www.colinaverderesort.pt\/wp-content\/uploads\/2022\/12\/WhatsApp-Image-2022-11-25-at-13.17.07-3-min-1024x858.jpg 1024w, https:\/\/www.colinaverderesort.pt\/wp-content\/uploads\/2022\/12\/WhatsApp-Image-2022-11-25-at-13.17.07-3-min-768x644.jpg 768w\" sizes=\"(max-width: 1200px) 100vw, 1200px\" \/>\t\t\t\t\t\t\t\t\t\t\t\t\t\t\t<\/div>\n\t\t\t\t<\/div>\n\t\t\t\t\t<\/div>\n\t\t<\/div>\n\t\t\t\t<div class=\"elementor-column elementor-col-50 elementor-inner-column elementor-element elementor-element-55923d25 elementor-hidden-mobile\" data-id=\"55923d25\" data-element_type=\"column\" data-e-type=\"column\">\n\t\t\t<div class=\"elementor-widget-wrap\">\n\t\t\t\t\t\t\t<\/div>\n\t\t<\/div>\n\t\t\t\t\t<\/div>\n\t\t<\/section>\n\t\t\t\t<section class=\"elementor-section elementor-inner-section elementor-element elementor-element-1c8ba74f elementor-section-boxed elementor-section-height-default elementor-section-height-default\" data-id=\"1c8ba74f\" data-element_type=\"section\" data-e-type=\"section\">\n\t\t\t\t\t\t<div class=\"elementor-container elementor-column-gap-default\">\n\t\t\t\t\t<div class=\"elementor-column elementor-col-50 elementor-inner-column elementor-element elementor-element-1e04e8ea elementor-hidden-mobile\" data-id=\"1e04e8ea\" data-element_type=\"column\" data-e-type=\"column\">\n\t\t\t<div class=\"elementor-widget-wrap\">\n\t\t\t\t\t\t\t<\/div>\n\t\t<\/div>\n\t\t\t\t<div class=\"elementor-column elementor-col-50 elementor-inner-column elementor-element elementor-element-f897f42 elementor-invisible\" data-id=\"f897f42\" data-element_type=\"column\" data-e-type=\"column\" data-settings=\"{&quot;background_background&quot;:&quot;classic&quot;,&quot;animation&quot;:&quot;fadeIn&quot;}\">\n\t\t\t<div class=\"elementor-widget-wrap elementor-element-populated\">\n\t\t\t\t\t\t<div class=\"elementor-element elementor-element-42656625 elementor-invisible elementor-widget elementor-widget-text-editor\" data-id=\"42656625\" data-element_type=\"widget\" data-e-type=\"widget\" data-settings=\"{&quot;_animation&quot;:&quot;fadeIn&quot;}\" data-widget_type=\"text-editor.default\">\n\t\t\t\t<div class=\"elementor-widget-container\">\n\t\t\t\t\t\t\t\t\t<p>Rompe la rutina con un partido de tenis. Juega con dos o cuatro personas.  Lo importante es estar activo, feliz y en un ambiente de absoluta relajaci\u00f3n.<\/p>\n\t\t\t\t\t\t\t\t<\/div>\n\t\t\t\t<\/div>\n\t\t\t\t\t<\/div>\n\t\t<\/div>\n\t\t\t\t\t<\/div>\n\t\t<\/section>\n\t\t\t\t\t<\/div>\n\t\t<\/div>\n\t\t\t\t\t<\/div>\n\t\t<\/section>\n\t\t\t\t<section class=\"elementor-section elementor-top-section elementor-element elementor-element-76f597c1 elementor-section-full_width elementor-section-content-middle elementor-section-height-default elementor-section-height-default\" data-id=\"76f597c1\" data-element_type=\"section\" data-e-type=\"section\" data-settings=\"{&quot;background_background&quot;:&quot;classic&quot;}\">\n\t\t\t\t\t\t\t<div class=\"elementor-background-overlay\"><\/div>\n\t\t\t\t\t\t\t<div class=\"elementor-container elementor-column-gap-default\">\n\t\t\t\t\t<div class=\"elementor-column elementor-col-33 elementor-top-column elementor-element elementor-element-4b625d5a elementor-hidden-mobile\" data-id=\"4b625d5a\" data-element_type=\"column\" data-e-type=\"column\">\n\t\t\t<div class=\"elementor-widget-wrap\">\n\t\t\t\t\t\t\t<\/div>\n\t\t<\/div>\n\t\t\t\t<div class=\"elementor-column elementor-col-33 elementor-top-column elementor-element elementor-element-4e9b3b68\" data-id=\"4e9b3b68\" data-element_type=\"column\" data-e-type=\"column\" data-settings=\"{&quot;background_background&quot;:&quot;classic&quot;}\">\n\t\t\t<div class=\"elementor-widget-wrap elementor-element-populated\">\n\t\t\t\t\t\t<div class=\"elementor-element elementor-element-1e49693a elementor-invisible elementor-widget elementor-widget-text-editor\" data-id=\"1e49693a\" data-element_type=\"widget\" data-e-type=\"widget\" data-settings=\"{&quot;_animation&quot;:&quot;fadeIn&quot;}\" data-widget_type=\"text-editor.default\">\n\t\t\t\t<div class=\"elementor-widget-container\">\n\t\t\t\t\t\t\t\t\t<p>Rellena el formulario para obtener m\u00e1s informaci\u00f3n<\/p>\n\t\t\t\t\t\t\t\t<\/div>\n\t\t\t\t<\/div>\n\t\t\t\t<div class=\"elementor-element elementor-element-64b9a210 elementor-widget-divider--view-line elementor-invisible elementor-widget elementor-widget-divider\" data-id=\"64b9a210\" data-element_type=\"widget\" data-e-type=\"widget\" data-settings=\"{&quot;_animation&quot;:&quot;fadeInDown&quot;}\" data-widget_type=\"divider.default\">\n\t\t\t\t<div class=\"elementor-widget-container\">\n\t\t\t\t\t\t\t<div class=\"elementor-divider\">\n\t\t\t<span class=\"elementor-divider-separator\">\n\t\t\t\t\t\t<\/span>\n\t\t<\/div>\n\t\t\t\t\t\t<\/div>\n\t\t\t\t<\/div>\n\t\t\t\t<div class=\"elementor-element elementor-element-4e35fe0 elementor-align-center elementor-icon-list--layout-traditional elementor-list-item-link-full_width elementor-invisible elementor-widget elementor-widget-icon-list\" data-id=\"4e35fe0\" data-element_type=\"widget\" data-e-type=\"widget\" data-settings=\"{&quot;_animation&quot;:&quot;fadeIn&quot;}\" data-widget_type=\"icon-list.default\">\n\t\t\t\t<div class=\"elementor-widget-container\">\n\t\t\t\t\t\t\t<ul class=\"elementor-icon-list-items\">\n\t\t\t\t\t\t\t<li class=\"elementor-icon-list-item\">\n\t\t\t\t\t\t\t\t\t\t\t<a href=\"tel:+351289092983\" target=\"_blank\">\n\n\t\t\t\t\t\t\t\t\t\t\t\t<span class=\"elementor-icon-list-icon\">\n\t\t\t\t\t\t\t<svg aria-hidden=\"true\" class=\"e-font-icon-svg e-fas-phone-alt\" viewBox=\"0 0 512 512\" xmlns=\"http:\/\/www.w3.org\/2000\/svg\"><path d=\"M497.39 361.8l-112-48a24 24 0 0 0-28 6.9l-49.6 60.6A370.66 370.66 0 0 1 130.6 204.11l60.6-49.6a23.94 23.94 0 0 0 6.9-28l-48-112A24.16 24.16 0 0 0 122.6.61l-104 24A24 24 0 0 0 0 48c0 256.5 207.9 464 464 464a24 24 0 0 0 23.4-18.6l24-104a24.29 24.29 0 0 0-14.01-27.6z\"><\/path><\/svg>\t\t\t\t\t\t<\/span>\n\t\t\t\t\t\t\t\t\t\t<span class=\"elementor-icon-list-text\">+351 289 092 983<\/span>\n\t\t\t\t\t\t\t\t\t\t\t<\/a>\n\t\t\t\t\t\t\t\t\t<\/li>\n\t\t\t\t\t\t\t\t<li class=\"elementor-icon-list-item\">\n\t\t\t\t\t\t\t\t\t\t<span class=\"elementor-icon-list-text\">(Tarifa vigente para la red fija)<\/span>\n\t\t\t\t\t\t\t\t\t<\/li>\n\t\t\t\t\t\t\t\t<li class=\"elementor-icon-list-item\">\n\t\t\t\t\t\t\t\t\t\t\t<a href=\"mailto:info@golfcolinaverde.com\" target=\"_blank\">\n\n\t\t\t\t\t\t\t\t\t\t\t\t<span class=\"elementor-icon-list-icon\">\n\t\t\t\t\t\t\t<svg aria-hidden=\"true\" class=\"e-font-icon-svg e-fas-envelope\" viewBox=\"0 0 512 512\" xmlns=\"http:\/\/www.w3.org\/2000\/svg\"><path d=\"M502.3 190.8c3.9-3.1 9.7-.2 9.7 4.7V400c0 26.5-21.5 48-48 48H48c-26.5 0-48-21.5-48-48V195.6c0-5 5.7-7.8 9.7-4.7 22.4 17.4 52.1 39.5 154.1 113.6 21.1 15.4 56.7 47.8 92.2 47.6 35.7.3 72-32.8 92.3-47.6 102-74.1 131.6-96.3 154-113.7zM256 320c23.2.4 56.6-29.2 73.4-41.4 132.7-96.3 142.8-104.7 173.4-128.7 5.8-4.5 9.2-11.5 9.2-18.9v-19c0-26.5-21.5-48-48-48H48C21.5 64 0 85.5 0 112v19c0 7.4 3.4 14.3 9.2 18.9 30.6 23.9 40.7 32.4 173.4 128.7 16.8 12.2 50.2 41.8 73.4 41.4z\"><\/path><\/svg>\t\t\t\t\t\t<\/span>\n\t\t\t\t\t\t\t\t\t\t<span class=\"elementor-icon-list-text\">info@golfcolinaverde.com<\/span>\n\t\t\t\t\t\t\t\t\t\t\t<\/a>\n\t\t\t\t\t\t\t\t\t<\/li>\n\t\t\t\t\t\t<\/ul>\n\t\t\t\t\t\t<\/div>\n\t\t\t\t<\/div>\n\t\t\t\t<div class=\"elementor-element elementor-element-6dc3c63 elementor-button-align-stretch elementor-widget elementor-widget-form\" data-id=\"6dc3c63\" data-element_type=\"widget\" data-e-type=\"widget\" data-settings=\"{&quot;step_next_label&quot;:&quot;Siguiente&quot;,&quot;step_previous_label&quot;:&quot;Anterior&quot;,&quot;button_width&quot;:&quot;100&quot;,&quot;step_type&quot;:&quot;number_text&quot;,&quot;step_icon_shape&quot;:&quot;circle&quot;}\" data-widget_type=\"form.default\">\n\t\t\t\t<div class=\"elementor-widget-container\">\n\t\t\t\t\t\t\t<form class=\"elementor-form\" method=\"post\" name=\"Formulario Contactos ES\" aria-label=\"Formulario Contactos ES\">\n\t\t\t<input type=\"hidden\" name=\"post_id\" value=\"5571\"\/>\n\t\t\t<input type=\"hidden\" name=\"form_id\" value=\"6dc3c63\"\/>\n\t\t\t<input type=\"hidden\" name=\"referer_title\" value=\"Tenis - Sports Resort Algarve, Pista de Tenis, Gimnasio y Spa\" \/>\n\n\t\t\t\t\t\t\t<input type=\"hidden\" name=\"queried_id\" value=\"5571\"\/>\n\t\t\t\n\t\t\t<div class=\"elementor-form-fields-wrapper elementor-labels-\">\n\t\t\t\t\t\t\t\t<div class=\"elementor-field-type-text elementor-field-group elementor-column elementor-field-group-name elementor-col-100 elementor-field-required\">\n\t\t\t\t\t\t\t\t\t\t\t\t<label for=\"form-field-name\" class=\"elementor-field-label elementor-screen-only\">\n\t\t\t\t\t\t\t\tNombre\t\t\t\t\t\t\t<\/label>\n\t\t\t\t\t\t\t\t\t\t\t\t\t\t<input size=\"1\" type=\"text\" name=\"form_fields[name]\" id=\"form-field-name\" class=\"elementor-field elementor-size-sm  elementor-field-textual\" placeholder=\"Nombre\" required=\"required\">\n\t\t\t\t\t\t\t\t\t\t\t<\/div>\n\t\t\t\t\t\t\t\t<div class=\"elementor-field-type-email elementor-field-group elementor-column elementor-field-group-email elementor-col-50 elementor-field-required\">\n\t\t\t\t\t\t\t\t\t\t\t\t<label for=\"form-field-email\" class=\"elementor-field-label elementor-screen-only\">\n\t\t\t\t\t\t\t\tEnv\u00eda un correo electr\u00f3nico a\t\t\t\t\t\t\t<\/label>\n\t\t\t\t\t\t\t\t\t\t\t\t\t\t<input size=\"1\" type=\"email\" name=\"form_fields[email]\" id=\"form-field-email\" class=\"elementor-field elementor-size-sm  elementor-field-textual\" placeholder=\"Env\u00eda un correo electr\u00f3nico a\" required=\"required\">\n\t\t\t\t\t\t\t\t\t\t\t<\/div>\n\t\t\t\t\t\t\t\t<div class=\"elementor-field-type-tel elementor-field-group elementor-column elementor-field-group-field_018d3c7 elementor-col-50\">\n\t\t\t\t\t\t\t\t\t\t\t\t<label for=\"form-field-field_018d3c7\" class=\"elementor-field-label elementor-screen-only\">\n\t\t\t\t\t\t\t\tTel\u00e9fono\t\t\t\t\t\t\t<\/label>\n\t\t\t\t\t\t\t\t<input size=\"1\" type=\"tel\" name=\"form_fields[field_018d3c7]\" id=\"form-field-field_018d3c7\" class=\"elementor-field elementor-size-sm  elementor-field-textual\" placeholder=\"Tel\u00e9fono\" pattern=\"[0-9()#&amp;+*-=.]+\" title=\"Solo se aceptan n\u00fameros y caracteres de tel\u00e9fono (#,-,*,etc).\">\n\n\t\t\t\t\t\t<\/div>\n\t\t\t\t\t\t\t\t<div class=\"elementor-field-type-textarea elementor-field-group elementor-column elementor-field-group-message elementor-col-100 elementor-field-required\">\n\t\t\t\t\t\t\t\t\t\t\t\t<label for=\"form-field-message\" class=\"elementor-field-label elementor-screen-only\">\n\t\t\t\t\t\t\t\tMensaje\t\t\t\t\t\t\t<\/label>\n\t\t\t\t\t\t<textarea class=\"elementor-field-textual elementor-field  elementor-size-sm\" name=\"form_fields[message]\" id=\"form-field-message\" rows=\"6\" placeholder=\"Mensaje\" required=\"required\"><\/textarea>\t\t\t\t<\/div>\n\t\t\t\t\t\t\t\t<div class=\"elementor-field-group elementor-column elementor-field-type-submit elementor-col-100 e-form__buttons\">\n\t\t\t\t\t<button class=\"elementor-button elementor-size-sm elementor-animation-pop\" type=\"submit\">\n\t\t\t\t\t\t<span class=\"elementor-button-content-wrapper\">\n\t\t\t\t\t\t\t\t\t\t\t\t\t\t\t\t\t\t\t\t\t\t<span class=\"elementor-button-text\">Env\u00eda<\/span>\n\t\t\t\t\t\t\t\t\t\t\t\t\t<\/span>\n\t\t\t\t\t<\/button>\n\t\t\t\t<\/div>\n\t\t\t<\/div>\n\t\t<\/form>\n\t\t\t\t\t\t<\/div>\n\t\t\t\t<\/div>\n\t\t\t\t\t<\/div>\n\t\t<\/div>\n\t\t\t\t<div class=\"elementor-column elementor-col-33 elementor-top-column elementor-element elementor-element-1ddd8355 elementor-hidden-mobile\" data-id=\"1ddd8355\" data-element_type=\"column\" data-e-type=\"column\">\n\t\t\t<div class=\"elementor-widget-wrap\">\n\t\t\t\t\t\t\t<\/div>\n\t\t<\/div>\n\t\t\t\t\t<\/div>\n\t\t<\/section>\n\t\t\t\t<\/div>\n\t\t","protected":false},"excerpt":{"rendered":"<p>Tenis Rompe la rutina con un partido de tenis. Juega con dos o cuatro personas. Lo importante es estar activo, feliz y en un ambiente de absoluta relajaci\u00f3n. Rellena el formulario para obtener m\u00e1s informaci\u00f3n +351 289 092 983 (Tarifa vigente para la red fija) info@golfcolinaverde.com<\/p>\n","protected":false},"author":10,"featured_media":0,"parent":5559,"menu_order":0,"comment_status":"closed","ping_status":"closed","template":"elementor_header_footer","meta":{"footnotes":""},"class_list":["post-5571","page","type-page","status-publish","hentry"],"yoast_head":"<!-- This site is optimized with the Yoast SEO plugin v27.5 - https:\/\/yoast.com\/product\/yoast-seo-wordpress\/ -->\n<title>Tenis - Sports Resort Algarve, Pista de Tenis, Gimnasio y Spa<\/title>\n<meta name=\"description\" content=\"Rompe la rutina con un partido de Tenis con dos o cuatro personas, lo importante es estar activo, con alegr\u00eda, en un ambiente de relajaci\u00f3n absoluta.\" \/>\n<meta name=\"robots\" content=\"index, follow, max-snippet:-1, max-image-preview:large, max-video-preview:-1\" \/>\n<link rel=\"canonical\" href=\"https:\/\/www.colinaverderesort.pt\/es\/polideportivo\/tenis\/\" \/>\n<meta property=\"og:locale\" content=\"es_ES\" \/>\n<meta property=\"og:type\" content=\"article\" \/>\n<meta property=\"og:title\" content=\"Tenis - Sports Resort Algarve, Pista de Tenis, Gimnasio y Spa\" \/>\n<meta property=\"og:description\" content=\"Rompe la rutina con un partido de Tenis con dos o cuatro personas, lo importante es estar activo, con alegr\u00eda, en un ambiente de relajaci\u00f3n absoluta.\" \/>\n<meta property=\"og:url\" content=\"https:\/\/www.colinaverderesort.pt\/es\/polideportivo\/tenis\/\" \/>\n<meta property=\"og:site_name\" content=\"Colina Verde Resort\" \/>\n<meta property=\"article:modified_time\" content=\"2024-11-20T13:54:08+00:00\" \/>\n<meta property=\"og:image\" content=\"https:\/\/www.colinaverderesort.pt\/wp-content\/uploads\/2022\/12\/WhatsApp-Image-2022-11-25-at-13.17.07-3-min.jpg\" \/>\n\t<meta property=\"og:image:width\" content=\"1200\" \/>\n\t<meta property=\"og:image:height\" content=\"1006\" \/>\n\t<meta property=\"og:image:type\" content=\"image\/jpeg\" \/>\n<meta name=\"twitter:card\" content=\"summary_large_image\" \/>\n<script type=\"application\/ld+json\" class=\"yoast-schema-graph\">{\"@context\":\"https:\\\/\\\/schema.org\",\"@graph\":[{\"@type\":\"WebPage\",\"@id\":\"https:\\\/\\\/www.colinaverderesort.pt\\\/es\\\/polideportivo\\\/tenis\\\/\",\"url\":\"https:\\\/\\\/www.colinaverderesort.pt\\\/es\\\/polideportivo\\\/tenis\\\/\",\"name\":\"Tenis - Sports Resort Algarve, Pista de Tenis, Gimnasio y Spa\",\"isPartOf\":{\"@id\":\"https:\\\/\\\/www.colinaverderesort.pt\\\/#website\"},\"primaryImageOfPage\":{\"@id\":\"https:\\\/\\\/www.colinaverderesort.pt\\\/es\\\/polideportivo\\\/tenis\\\/#primaryimage\"},\"image\":{\"@id\":\"https:\\\/\\\/www.colinaverderesort.pt\\\/es\\\/polideportivo\\\/tenis\\\/#primaryimage\"},\"thumbnailUrl\":\"https:\\\/\\\/www.colinaverderesort.pt\\\/wp-content\\\/uploads\\\/2022\\\/12\\\/WhatsApp-Image-2022-11-25-at-13.17.07-3-min.jpg\",\"datePublished\":\"2022-12-28T08:57:32+00:00\",\"dateModified\":\"2024-11-20T13:54:08+00:00\",\"description\":\"Rompe la rutina con un partido de Tenis con dos o cuatro personas, lo importante es estar activo, con alegr\u00eda, en un ambiente de relajaci\u00f3n absoluta.\",\"breadcrumb\":{\"@id\":\"https:\\\/\\\/www.colinaverderesort.pt\\\/es\\\/polideportivo\\\/tenis\\\/#breadcrumb\"},\"inLanguage\":\"es\",\"potentialAction\":[{\"@type\":\"ReadAction\",\"target\":[\"https:\\\/\\\/www.colinaverderesort.pt\\\/es\\\/polideportivo\\\/tenis\\\/\"]}]},{\"@type\":\"ImageObject\",\"inLanguage\":\"es\",\"@id\":\"https:\\\/\\\/www.colinaverderesort.pt\\\/es\\\/polideportivo\\\/tenis\\\/#primaryimage\",\"url\":\"https:\\\/\\\/www.colinaverderesort.pt\\\/wp-content\\\/uploads\\\/2022\\\/12\\\/WhatsApp-Image-2022-11-25-at-13.17.07-3-min.jpg\",\"contentUrl\":\"https:\\\/\\\/www.colinaverderesort.pt\\\/wp-content\\\/uploads\\\/2022\\\/12\\\/WhatsApp-Image-2022-11-25-at-13.17.07-3-min.jpg\"},{\"@type\":\"BreadcrumbList\",\"@id\":\"https:\\\/\\\/www.colinaverderesort.pt\\\/es\\\/polideportivo\\\/tenis\\\/#breadcrumb\",\"itemListElement\":[{\"@type\":\"ListItem\",\"position\":1,\"name\":\"Home\",\"item\":\"https:\\\/\\\/www.colinaverderesort.pt\\\/es\\\/inicio\\\/\"},{\"@type\":\"ListItem\",\"position\":2,\"name\":\"Polideportivo\",\"item\":\"https:\\\/\\\/www.colinaverderesort.pt\\\/es\\\/polideportivo\\\/\"},{\"@type\":\"ListItem\",\"position\":3,\"name\":\"Tenis\"}]},{\"@type\":\"WebSite\",\"@id\":\"https:\\\/\\\/www.colinaverderesort.pt\\\/#website\",\"url\":\"https:\\\/\\\/www.colinaverderesort.pt\\\/\",\"name\":\"Colina Verde Resort\",\"description\":\"Resort in the Algarve\",\"publisher\":{\"@id\":\"https:\\\/\\\/www.colinaverderesort.pt\\\/#organization\"},\"potentialAction\":[{\"@type\":\"SearchAction\",\"target\":{\"@type\":\"EntryPoint\",\"urlTemplate\":\"https:\\\/\\\/www.colinaverderesort.pt\\\/?s={search_term_string}\"},\"query-input\":{\"@type\":\"PropertyValueSpecification\",\"valueRequired\":true,\"valueName\":\"search_term_string\"}}],\"inLanguage\":\"es\"},{\"@type\":\"Organization\",\"@id\":\"https:\\\/\\\/www.colinaverderesort.pt\\\/#organization\",\"name\":\"Colina Verde Resort\",\"url\":\"https:\\\/\\\/www.colinaverderesort.pt\\\/\",\"logo\":{\"@type\":\"ImageObject\",\"inLanguage\":\"es\",\"@id\":\"https:\\\/\\\/www.colinaverderesort.pt\\\/#\\\/schema\\\/logo\\\/image\\\/\",\"url\":\"https:\\\/\\\/www.colinaverderesort.pt\\\/wp-content\\\/uploads\\\/2022\\\/11\\\/Logo-min.png\",\"contentUrl\":\"https:\\\/\\\/www.colinaverderesort.pt\\\/wp-content\\\/uploads\\\/2022\\\/11\\\/Logo-min.png\",\"width\":560,\"height\":326,\"caption\":\"Colina Verde Resort\"},\"image\":{\"@id\":\"https:\\\/\\\/www.colinaverderesort.pt\\\/#\\\/schema\\\/logo\\\/image\\\/\"}}]}<\/script>\n<!-- \/ Yoast SEO plugin. -->","yoast_head_json":{"title":"Tenis - Sports Resort Algarve, Pista de Tenis, Gimnasio y Spa","description":"Rompe la rutina con un partido de Tenis con dos o cuatro personas, lo importante es estar activo, con alegr\u00eda, en un ambiente de relajaci\u00f3n absoluta.","robots":{"index":"index","follow":"follow","max-snippet":"max-snippet:-1","max-image-preview":"max-image-preview:large","max-video-preview":"max-video-preview:-1"},"canonical":"https:\/\/www.colinaverderesort.pt\/es\/polideportivo\/tenis\/","og_locale":"es_ES","og_type":"article","og_title":"Tenis - Sports Resort Algarve, Pista de Tenis, Gimnasio y Spa","og_description":"Rompe la rutina con un partido de Tenis con dos o cuatro personas, lo importante es estar activo, con alegr\u00eda, en un ambiente de relajaci\u00f3n absoluta.","og_url":"https:\/\/www.colinaverderesort.pt\/es\/polideportivo\/tenis\/","og_site_name":"Colina Verde Resort","article_modified_time":"2024-11-20T13:54:08+00:00","og_image":[{"width":1200,"height":1006,"url":"https:\/\/www.colinaverderesort.pt\/wp-content\/uploads\/2022\/12\/WhatsApp-Image-2022-11-25-at-13.17.07-3-min.jpg","type":"image\/jpeg"}],"twitter_card":"summary_large_image","schema":{"@context":"https:\/\/schema.org","@graph":[{"@type":"WebPage","@id":"https:\/\/www.colinaverderesort.pt\/es\/polideportivo\/tenis\/","url":"https:\/\/www.colinaverderesort.pt\/es\/polideportivo\/tenis\/","name":"Tenis - Sports Resort Algarve, Pista de Tenis, Gimnasio y Spa","isPartOf":{"@id":"https:\/\/www.colinaverderesort.pt\/#website"},"primaryImageOfPage":{"@id":"https:\/\/www.colinaverderesort.pt\/es\/polideportivo\/tenis\/#primaryimage"},"image":{"@id":"https:\/\/www.colinaverderesort.pt\/es\/polideportivo\/tenis\/#primaryimage"},"thumbnailUrl":"https:\/\/www.colinaverderesort.pt\/wp-content\/uploads\/2022\/12\/WhatsApp-Image-2022-11-25-at-13.17.07-3-min.jpg","datePublished":"2022-12-28T08:57:32+00:00","dateModified":"2024-11-20T13:54:08+00:00","description":"Rompe la rutina con un partido de Tenis con dos o cuatro personas, lo importante es estar activo, con alegr\u00eda, en un ambiente de relajaci\u00f3n absoluta.","breadcrumb":{"@id":"https:\/\/www.colinaverderesort.pt\/es\/polideportivo\/tenis\/#breadcrumb"},"inLanguage":"es","potentialAction":[{"@type":"ReadAction","target":["https:\/\/www.colinaverderesort.pt\/es\/polideportivo\/tenis\/"]}]},{"@type":"ImageObject","inLanguage":"es","@id":"https:\/\/www.colinaverderesort.pt\/es\/polideportivo\/tenis\/#primaryimage","url":"https:\/\/www.colinaverderesort.pt\/wp-content\/uploads\/2022\/12\/WhatsApp-Image-2022-11-25-at-13.17.07-3-min.jpg","contentUrl":"https:\/\/www.colinaverderesort.pt\/wp-content\/uploads\/2022\/12\/WhatsApp-Image-2022-11-25-at-13.17.07-3-min.jpg"},{"@type":"BreadcrumbList","@id":"https:\/\/www.colinaverderesort.pt\/es\/polideportivo\/tenis\/#breadcrumb","itemListElement":[{"@type":"ListItem","position":1,"name":"Home","item":"https:\/\/www.colinaverderesort.pt\/es\/inicio\/"},{"@type":"ListItem","position":2,"name":"Polideportivo","item":"https:\/\/www.colinaverderesort.pt\/es\/polideportivo\/"},{"@type":"ListItem","position":3,"name":"Tenis"}]},{"@type":"WebSite","@id":"https:\/\/www.colinaverderesort.pt\/#website","url":"https:\/\/www.colinaverderesort.pt\/","name":"Colina Verde Resort","description":"Resort in the Algarve","publisher":{"@id":"https:\/\/www.colinaverderesort.pt\/#organization"},"potentialAction":[{"@type":"SearchAction","target":{"@type":"EntryPoint","urlTemplate":"https:\/\/www.colinaverderesort.pt\/?s={search_term_string}"},"query-input":{"@type":"PropertyValueSpecification","valueRequired":true,"valueName":"search_term_string"}}],"inLanguage":"es"},{"@type":"Organization","@id":"https:\/\/www.colinaverderesort.pt\/#organization","name":"Colina Verde Resort","url":"https:\/\/www.colinaverderesort.pt\/","logo":{"@type":"ImageObject","inLanguage":"es","@id":"https:\/\/www.colinaverderesort.pt\/#\/schema\/logo\/image\/","url":"https:\/\/www.colinaverderesort.pt\/wp-content\/uploads\/2022\/11\/Logo-min.png","contentUrl":"https:\/\/www.colinaverderesort.pt\/wp-content\/uploads\/2022\/11\/Logo-min.png","width":560,"height":326,"caption":"Colina Verde Resort"},"image":{"@id":"https:\/\/www.colinaverderesort.pt\/#\/schema\/logo\/image\/"}}]}},"_links":{"self":[{"href":"https:\/\/www.colinaverderesort.pt\/es\/wp-json\/wp\/v2\/pages\/5571","targetHints":{"allow":["GET"]}}],"collection":[{"href":"https:\/\/www.colinaverderesort.pt\/es\/wp-json\/wp\/v2\/pages"}],"about":[{"href":"https:\/\/www.colinaverderesort.pt\/es\/wp-json\/wp\/v2\/types\/page"}],"author":[{"embeddable":true,"href":"https:\/\/www.colinaverderesort.pt\/es\/wp-json\/wp\/v2\/users\/10"}],"replies":[{"embeddable":true,"href":"https:\/\/www.colinaverderesort.pt\/es\/wp-json\/wp\/v2\/comments?post=5571"}],"version-history":[{"count":1,"href":"https:\/\/www.colinaverderesort.pt\/es\/wp-json\/wp\/v2\/pages\/5571\/revisions"}],"predecessor-version":[{"id":5572,"href":"https:\/\/www.colinaverderesort.pt\/es\/wp-json\/wp\/v2\/pages\/5571\/revisions\/5572"}],"up":[{"embeddable":true,"href":"https:\/\/www.colinaverderesort.pt\/es\/wp-json\/wp\/v2\/pages\/5559"}],"wp:attachment":[{"href":"https:\/\/www.colinaverderesort.pt\/es\/wp-json\/wp\/v2\/media?parent=5571"}],"curies":[{"name":"wp","href":"https:\/\/api.w.org\/{rel}","templated":true}]}}