{"id":5493,"date":"2022-11-25T17:57:31","date_gmt":"2022-11-25T17:57:31","guid":{"rendered":"https:\/\/www.colinaverderesort.pt\/anulaciones-y-reservas\/"},"modified":"2024-11-20T13:44:59","modified_gmt":"2024-11-20T13:44:59","slug":"anulaciones-y-reservas","status":"publish","type":"page","link":"https:\/\/www.colinaverderesort.pt\/es\/anulaciones-y-reservas\/","title":{"rendered":"Anulaciones y reservas"},"content":{"rendered":"\t\t<div data-elementor-type=\"wp-page\" data-elementor-id=\"5493\" class=\"elementor elementor-5493 elementor-1864\" data-elementor-post-type=\"page\">\n\t\t\t\t\t\t<section class=\"elementor-section elementor-top-section elementor-element elementor-element-0a454e5 elementor-section-full_width elementor-section-height-min-height elementor-section-height-default elementor-section-items-middle\" data-id=\"0a454e5\" data-element_type=\"section\" data-e-type=\"section\" data-settings=\"{&quot;background_background&quot;:&quot;classic&quot;}\">\n\t\t\t\t\t\t\t<div class=\"elementor-background-overlay\"><\/div>\n\t\t\t\t\t\t\t<div class=\"elementor-container elementor-column-gap-default\">\n\t\t\t\t\t<div class=\"elementor-column elementor-col-100 elementor-top-column elementor-element elementor-element-6b69a66\" data-id=\"6b69a66\" data-element_type=\"column\" data-e-type=\"column\">\n\t\t\t<div class=\"elementor-widget-wrap elementor-element-populated\">\n\t\t\t\t\t\t<div class=\"elementor-element elementor-element-5369286 elementor-widget elementor-widget-heading\" data-id=\"5369286\" data-element_type=\"widget\" data-e-type=\"widget\" data-widget_type=\"heading.default\">\n\t\t\t\t<div class=\"elementor-widget-container\">\n\t\t\t\t\t<h1 class=\"elementor-heading-title elementor-size-default\">Anulaciones y reservas<\/h1>\t\t\t\t<\/div>\n\t\t\t\t<\/div>\n\t\t\t\t\t<\/div>\n\t\t<\/div>\n\t\t\t\t\t<\/div>\n\t\t<\/section>\n\t\t\t\t<section class=\"elementor-section elementor-top-section elementor-element elementor-element-9b2ff47 elementor-section-boxed elementor-section-height-default elementor-section-height-default\" data-id=\"9b2ff47\" data-element_type=\"section\" data-e-type=\"section\">\n\t\t\t\t\t\t<div class=\"elementor-container elementor-column-gap-default\">\n\t\t\t\t\t<div class=\"elementor-column elementor-col-100 elementor-top-column elementor-element elementor-element-c71f595\" data-id=\"c71f595\" data-element_type=\"column\" data-e-type=\"column\">\n\t\t\t<div class=\"elementor-widget-wrap elementor-element-populated\">\n\t\t\t\t\t\t<div class=\"elementor-element elementor-element-e201fd7 elementor-invisible elementor-widget elementor-widget-text-editor\" data-id=\"e201fd7\" data-element_type=\"widget\" data-e-type=\"widget\" data-settings=\"{&quot;_animation&quot;:&quot;fadeIn&quot;}\" data-widget_type=\"text-editor.default\">\n\t\t\t\t<div class=\"elementor-widget-container\">\n\t\t\t\t\t\t\t\t\t<ul>\n<li>Al reservar la mejor tarifa disponible o las ofertas \u00abEarly Bird\u00bb, NO se permitir\u00e1n cancelaciones.<\/li>\n<li>A excepci\u00f3n del periodo comprendido entre el 15 de junio y el 15 de septiembre, se permite la cancelaci\u00f3n hasta 42 d\u00edas antes de la fecha de llegada, <strong>con p\u00e9rdida del dep\u00f3sito<\/strong>.<\/li>\n<li>14 d\u00edas antes de la fecha de llegada, se cargar\u00e1 el importe total de la reserva en la tarjeta de cr\u00e9dito facilitada.<\/li>\n<li>En el momento de efectuar la reserva, se requiere un dep\u00f3sito del 25% del importe total de la reserva en la tarjeta de cr\u00e9dito facilitada (o del 100% seg\u00fan la tarifa elegida).<\/li>\n<li>En caso de no presentarte, no se reembolsar\u00e1 el importe total de la reserva.<\/li>\n<li>Las ofertas especiales para grupos tienen pol\u00edticas de cancelaci\u00f3n espec\u00edficas y deben consultarse individualmente.<\/li>\n<li>Se requiere una garant\u00eda de tarjeta de cr\u00e9dito en el momento de la reserva.<\/li>\n<li>Los precios son s\u00f3lo de alojamiento, salvo que se indique lo contrario.<\/li>\n<li>IVA incluido en todas las tarifas.<\/li>\n<\/ul>\n<p><span style=\"color: #3087b4;\"><strong>Ni\u00f1os y camas supletorias (sof\u00e1 cama)<\/strong><\/span><\/p>\n<ul>\n<li>Ni\u00f1os de hasta 2 a\u00f1os: cuna gratuita (bajo petici\u00f3n y sujeta a disponibilidad)<\/li>\n<li>No tenemos camas supletorias<\/li>\n<li>Las tarifas se refieren a la capacidad total del piso y no est\u00e1 autorizado superar el n\u00famero de personas que lo habitan.  <\/li>\n<\/ul>\n<p><span style=\"color: #3087b4;\"><strong>Otros<\/strong><\/span><\/p>\n<ul>\n<li>Hora de entrada: 16:00<\/li>\n<li>Hora de salida 10: 00h<\/li>\n<li>Hotel para no fumadores (excepto en las zonas al aire libre no destinadas a la alimentaci\u00f3n)<\/li>\n<li>No se admiten animales de compa\u00f1\u00eda.<\/li>\n<\/ul>\n\t\t\t\t\t\t\t\t<\/div>\n\t\t\t\t<\/div>\n\t\t\t\t\t<\/div>\n\t\t<\/div>\n\t\t\t\t\t<\/div>\n\t\t<\/section>\n\t\t\t\t<\/div>\n\t\t","protected":false},"excerpt":{"rendered":"<p>Anulaciones y reservas Al reservar la mejor tarifa disponible o las ofertas \u00abEarly Bird\u00bb, NO se permitir\u00e1n cancelaciones. A excepci\u00f3n del periodo comprendido entre el 15 de junio y el 15 de septiembre, se permite la cancelaci\u00f3n hasta 42 d\u00edas antes de la fecha de llegada, con p\u00e9rdida del dep\u00f3sito. 14 d\u00edas antes de la [&hellip;]<\/p>\n","protected":false},"author":10,"featured_media":0,"parent":0,"menu_order":0,"comment_status":"closed","ping_status":"closed","template":"","meta":{"footnotes":""},"class_list":["post-5493","page","type-page","status-publish","hentry"],"yoast_head":"<!-- This site is optimized with the Yoast SEO plugin v27.3 - https:\/\/yoast.com\/product\/yoast-seo-wordpress\/ -->\n<title>Cancelaci\u00f3n y reservas - Complejo Tur\u00edstico Colina Verde<\/title>\n<meta name=\"description\" content=\"A excepci\u00f3n del periodo comprendido entre el 15.06 y el 15.09, se permite la cancelaci\u00f3n hasta 42 d\u00edas antes de la fecha de llegada, con p\u00e9rdida del dep\u00f3sito.\" \/>\n<meta name=\"robots\" content=\"index, follow, max-snippet:-1, max-image-preview:large, max-video-preview:-1\" \/>\n<link rel=\"canonical\" href=\"https:\/\/www.colinaverderesort.pt\/es\/anulaciones-y-reservas\/\" \/>\n<meta property=\"og:locale\" content=\"es_ES\" \/>\n<meta property=\"og:type\" content=\"article\" \/>\n<meta property=\"og:title\" content=\"Cancelaci\u00f3n y reservas - Complejo Tur\u00edstico Colina Verde\" \/>\n<meta property=\"og:description\" content=\"A excepci\u00f3n del periodo comprendido entre el 15.06 y el 15.09, se permite la cancelaci\u00f3n hasta 42 d\u00edas antes de la fecha de llegada, con p\u00e9rdida del dep\u00f3sito.\" \/>\n<meta property=\"og:url\" content=\"https:\/\/www.colinaverderesort.pt\/es\/anulaciones-y-reservas\/\" \/>\n<meta property=\"og:site_name\" content=\"Colina Verde Resort\" \/>\n<meta property=\"article:modified_time\" content=\"2024-11-20T13:44:59+00:00\" \/>\n<meta name=\"twitter:card\" content=\"summary_large_image\" \/>\n<meta name=\"twitter:label1\" content=\"Tiempo de lectura\" \/>\n\t<meta name=\"twitter:data1\" content=\"1 minuto\" \/>\n<script type=\"application\/ld+json\" class=\"yoast-schema-graph\">{\"@context\":\"https:\\\/\\\/schema.org\",\"@graph\":[{\"@type\":\"WebPage\",\"@id\":\"https:\\\/\\\/www.colinaverderesort.pt\\\/es\\\/anulaciones-y-reservas\\\/\",\"url\":\"https:\\\/\\\/www.colinaverderesort.pt\\\/es\\\/anulaciones-y-reservas\\\/\",\"name\":\"Cancelaci\u00f3n y reservas - Complejo Tur\u00edstico Colina Verde\",\"isPartOf\":{\"@id\":\"https:\\\/\\\/www.colinaverderesort.pt\\\/#website\"},\"datePublished\":\"2022-11-25T17:57:31+00:00\",\"dateModified\":\"2024-11-20T13:44:59+00:00\",\"description\":\"A excepci\u00f3n del periodo comprendido entre el 15.06 y el 15.09, se permite la cancelaci\u00f3n hasta 42 d\u00edas antes de la fecha de llegada, con p\u00e9rdida del dep\u00f3sito.\",\"breadcrumb\":{\"@id\":\"https:\\\/\\\/www.colinaverderesort.pt\\\/es\\\/anulaciones-y-reservas\\\/#breadcrumb\"},\"inLanguage\":\"es\",\"potentialAction\":[{\"@type\":\"ReadAction\",\"target\":[\"https:\\\/\\\/www.colinaverderesort.pt\\\/es\\\/anulaciones-y-reservas\\\/\"]}]},{\"@type\":\"BreadcrumbList\",\"@id\":\"https:\\\/\\\/www.colinaverderesort.pt\\\/es\\\/anulaciones-y-reservas\\\/#breadcrumb\",\"itemListElement\":[{\"@type\":\"ListItem\",\"position\":1,\"name\":\"Home\",\"item\":\"https:\\\/\\\/www.colinaverderesort.pt\\\/es\\\/inicio\\\/\"},{\"@type\":\"ListItem\",\"position\":2,\"name\":\"Anulaciones y reservas\"}]},{\"@type\":\"WebSite\",\"@id\":\"https:\\\/\\\/www.colinaverderesort.pt\\\/#website\",\"url\":\"https:\\\/\\\/www.colinaverderesort.pt\\\/\",\"name\":\"Colina Verde Resort\",\"description\":\"Resort in the Algarve\",\"publisher\":{\"@id\":\"https:\\\/\\\/www.colinaverderesort.pt\\\/#organization\"},\"potentialAction\":[{\"@type\":\"SearchAction\",\"target\":{\"@type\":\"EntryPoint\",\"urlTemplate\":\"https:\\\/\\\/www.colinaverderesort.pt\\\/?s={search_term_string}\"},\"query-input\":{\"@type\":\"PropertyValueSpecification\",\"valueRequired\":true,\"valueName\":\"search_term_string\"}}],\"inLanguage\":\"es\"},{\"@type\":\"Organization\",\"@id\":\"https:\\\/\\\/www.colinaverderesort.pt\\\/#organization\",\"name\":\"Colina Verde Resort\",\"url\":\"https:\\\/\\\/www.colinaverderesort.pt\\\/\",\"logo\":{\"@type\":\"ImageObject\",\"inLanguage\":\"es\",\"@id\":\"https:\\\/\\\/www.colinaverderesort.pt\\\/#\\\/schema\\\/logo\\\/image\\\/\",\"url\":\"https:\\\/\\\/www.colinaverderesort.pt\\\/wp-content\\\/uploads\\\/2022\\\/11\\\/Logo-min.png\",\"contentUrl\":\"https:\\\/\\\/www.colinaverderesort.pt\\\/wp-content\\\/uploads\\\/2022\\\/11\\\/Logo-min.png\",\"width\":560,\"height\":326,\"caption\":\"Colina Verde Resort\"},\"image\":{\"@id\":\"https:\\\/\\\/www.colinaverderesort.pt\\\/#\\\/schema\\\/logo\\\/image\\\/\"}}]}<\/script>\n<!-- \/ Yoast SEO plugin. -->","yoast_head_json":{"title":"Cancelaci\u00f3n y reservas - Complejo Tur\u00edstico Colina Verde","description":"A excepci\u00f3n del periodo comprendido entre el 15.06 y el 15.09, se permite la cancelaci\u00f3n hasta 42 d\u00edas antes de la fecha de llegada, con p\u00e9rdida del dep\u00f3sito.","robots":{"index":"index","follow":"follow","max-snippet":"max-snippet:-1","max-image-preview":"max-image-preview:large","max-video-preview":"max-video-preview:-1"},"canonical":"https:\/\/www.colinaverderesort.pt\/es\/anulaciones-y-reservas\/","og_locale":"es_ES","og_type":"article","og_title":"Cancelaci\u00f3n y reservas - Complejo Tur\u00edstico Colina Verde","og_description":"A excepci\u00f3n del periodo comprendido entre el 15.06 y el 15.09, se permite la cancelaci\u00f3n hasta 42 d\u00edas antes de la fecha de llegada, con p\u00e9rdida del dep\u00f3sito.","og_url":"https:\/\/www.colinaverderesort.pt\/es\/anulaciones-y-reservas\/","og_site_name":"Colina Verde Resort","article_modified_time":"2024-11-20T13:44:59+00:00","twitter_card":"summary_large_image","twitter_misc":{"Tiempo de lectura":"1 minuto"},"schema":{"@context":"https:\/\/schema.org","@graph":[{"@type":"WebPage","@id":"https:\/\/www.colinaverderesort.pt\/es\/anulaciones-y-reservas\/","url":"https:\/\/www.colinaverderesort.pt\/es\/anulaciones-y-reservas\/","name":"Cancelaci\u00f3n y reservas - Complejo Tur\u00edstico Colina Verde","isPartOf":{"@id":"https:\/\/www.colinaverderesort.pt\/#website"},"datePublished":"2022-11-25T17:57:31+00:00","dateModified":"2024-11-20T13:44:59+00:00","description":"A excepci\u00f3n del periodo comprendido entre el 15.06 y el 15.09, se permite la cancelaci\u00f3n hasta 42 d\u00edas antes de la fecha de llegada, con p\u00e9rdida del dep\u00f3sito.","breadcrumb":{"@id":"https:\/\/www.colinaverderesort.pt\/es\/anulaciones-y-reservas\/#breadcrumb"},"inLanguage":"es","potentialAction":[{"@type":"ReadAction","target":["https:\/\/www.colinaverderesort.pt\/es\/anulaciones-y-reservas\/"]}]},{"@type":"BreadcrumbList","@id":"https:\/\/www.colinaverderesort.pt\/es\/anulaciones-y-reservas\/#breadcrumb","itemListElement":[{"@type":"ListItem","position":1,"name":"Home","item":"https:\/\/www.colinaverderesort.pt\/es\/inicio\/"},{"@type":"ListItem","position":2,"name":"Anulaciones y reservas"}]},{"@type":"WebSite","@id":"https:\/\/www.colinaverderesort.pt\/#website","url":"https:\/\/www.colinaverderesort.pt\/","name":"Colina Verde Resort","description":"Resort in the Algarve","publisher":{"@id":"https:\/\/www.colinaverderesort.pt\/#organization"},"potentialAction":[{"@type":"SearchAction","target":{"@type":"EntryPoint","urlTemplate":"https:\/\/www.colinaverderesort.pt\/?s={search_term_string}"},"query-input":{"@type":"PropertyValueSpecification","valueRequired":true,"valueName":"search_term_string"}}],"inLanguage":"es"},{"@type":"Organization","@id":"https:\/\/www.colinaverderesort.pt\/#organization","name":"Colina Verde Resort","url":"https:\/\/www.colinaverderesort.pt\/","logo":{"@type":"ImageObject","inLanguage":"es","@id":"https:\/\/www.colinaverderesort.pt\/#\/schema\/logo\/image\/","url":"https:\/\/www.colinaverderesort.pt\/wp-content\/uploads\/2022\/11\/Logo-min.png","contentUrl":"https:\/\/www.colinaverderesort.pt\/wp-content\/uploads\/2022\/11\/Logo-min.png","width":560,"height":326,"caption":"Colina Verde Resort"},"image":{"@id":"https:\/\/www.colinaverderesort.pt\/#\/schema\/logo\/image\/"}}]}},"_links":{"self":[{"href":"https:\/\/www.colinaverderesort.pt\/es\/wp-json\/wp\/v2\/pages\/5493","targetHints":{"allow":["GET"]}}],"collection":[{"href":"https:\/\/www.colinaverderesort.pt\/es\/wp-json\/wp\/v2\/pages"}],"about":[{"href":"https:\/\/www.colinaverderesort.pt\/es\/wp-json\/wp\/v2\/types\/page"}],"author":[{"embeddable":true,"href":"https:\/\/www.colinaverderesort.pt\/es\/wp-json\/wp\/v2\/users\/10"}],"replies":[{"embeddable":true,"href":"https:\/\/www.colinaverderesort.pt\/es\/wp-json\/wp\/v2\/comments?post=5493"}],"version-history":[{"count":1,"href":"https:\/\/www.colinaverderesort.pt\/es\/wp-json\/wp\/v2\/pages\/5493\/revisions"}],"predecessor-version":[{"id":5494,"href":"https:\/\/www.colinaverderesort.pt\/es\/wp-json\/wp\/v2\/pages\/5493\/revisions\/5494"}],"wp:attachment":[{"href":"https:\/\/www.colinaverderesort.pt\/es\/wp-json\/wp\/v2\/media?parent=5493"}],"curies":[{"name":"wp","href":"https:\/\/api.w.org\/{rel}","templated":true}]}}